{"id":9314,"date":"2017-11-16T10:19:04","date_gmt":"2017-11-16T10:19:04","guid":{"rendered":"http:\/\/www.estudicread.com\/?page_id=9314"},"modified":"2018-02-26T08:06:17","modified_gmt":"2018-02-26T08:06:17","slug":"area-cliente","status":"publish","type":"page","link":"https:\/\/www.estudicread.com\/es\/area-cliente\/","title":{"rendered":"AREA CLIENTE"},"content":{"rendered":"[vc_row type=\u00bbfull_width_content\u00bb full_screen_row_position=\u00bbmiddle\u00bb equal_height=\u00bbyes\u00bb content_placement=\u00bbmiddle\u00bb vertically_center_columns=\u00bbtrue\u00bb full_height=\u00bbyes\u00bb scene_position=\u00bbcenter\u00bb text_color=\u00bbdark\u00bb text_align=\u00bbleft\u00bb overlay_strength=\u00bb0.3&#8243; shape_divider_position=\u00bbbottom\u00bb][vc_column column_padding=\u00bbpadding-1-percent\u00bb column_padding_position=\u00bball\u00bb background_color_opacity=\u00bb1&#8243; background_hover_color_opacity=\u00bb1&#8243; font_color=\u00bb#000000&#8243; column_shadow=\u00bbnone\u00bb column_border_radius=\u00bbnone\u00bb width=\u00bb1\/1&#8243; tablet_text_alignment=\u00bbdefault\u00bb phone_text_alignment=\u00bbdefault\u00bb column_border_width=\u00bbnone\u00bb column_border_style=\u00bbsolid\u00bb][vc_column_text css=\u00bb.vc_custom_1519632236528{margin-bottom: 20px !important;}\u00bb]\n<h1 style=\"text-align: center;\">AREA CLIENTE<\/h1>\n[\/vc_column_text][vc_column_text css=\u00bb.vc_custom_1519632311772{margin-bottom: 20px !important;}\u00bb]\n<h4 style=\"text-align: center;\">Si ya eres cliente, podr\u00e1s acceder en el \u00e1rea reservada para gestionar tus proyectos.<br \/>\nPor cualquier duda, puedes contactar con nostros.<\/h4>\n[\/vc_column_text][divider line_type=\u00bbNo Line\u00bb custom_height=\u00bb40&#8243;][vc_gallery type=\u00bbimage_grid\u00bb images=\u00bb9996,9994,10475&#8243; display_title_caption=\u00bbtrue\u00bb layout=\u00bb3&#8243; masonry_style=\u00bbtrue\u00bb gallery_style=\u00bb8&#8243; load_in_animation=\u00bbfade_in_from_bottom\u00bb][\/vc_column][\/vc_row]\n","protected":false},"excerpt":{"rendered":"<p>[vc_row type=\u00bbfull_width_content\u00bb full_screen_row_position=\u00bbmiddle\u00bb equal_height=\u00bbyes\u00bb content_placement=\u00bbmiddle\u00bb vertically_center_columns=\u00bbtrue\u00bb full_height=\u00bbyes\u00bb scene_position=\u00bbcenter\u00bb text_color=\u00bbdark\u00bb text_align=\u00bbleft\u00bb overlay_strength=\u00bb0.3&#8243; shape_divider_position=\u00bbbottom\u00bb][vc_column column_padding=\u00bbpadding-1-percent\u00bb column_padding_position=\u00bball\u00bb background_color_opacity=\u00bb1&#8243; background_hover_color_opacity=\u00bb1&#8243; font_color=\u00bb#000000&#8243; column_shadow=\u00bbnone\u00bb column_border_radius=\u00bbnone\u00bb width=\u00bb1\/1&#8243; tablet_text_alignment=\u00bbdefault\u00bb phone_text_alignment=\u00bbdefault\u00bb column_border_width=\u00bbnone\u00bb column_border_style=\u00bbsolid\u00bb][vc_column_text css=\u00bb.vc_custom_1519632236528{margin-bottom: 20px !important;}\u00bb] AREA CLIENTE [\/vc_column_text][vc_column_text&#8230;<\/p>\n","protected":false},"author":1,"featured_media":0,"parent":0,"menu_order":0,"comment_status":"open","ping_status":"closed","template":"","meta":{"footnotes":""},"class_list":["post-9314","page","type-page","status-publish"],"yoast_head":"<!-- This site is optimized with the Yoast SEO plugin v26.1.1 - https:\/\/yoast.com\/wordpress\/plugins\/seo\/ -->\n<title>Accede a la \u00e1rea reservada para gestionar tus proyectos<\/title>\n<meta name=\"description\" content=\"Si ya eres clientes, podr\u00e1s acceder en la \u00e1rea reservada para gestionar tus proyectos. Por cualquier duda puedes contactar con nosotros\" \/>\n<meta name=\"robots\" content=\"index, follow, max-snippet:-1, max-image-preview:large, max-video-preview:-1\" \/>\n<link rel=\"canonical\" href=\"https:\/\/www.estudicread.com\/es\/area-cliente\/\" \/>\n<meta property=\"og:locale\" content=\"es_ES\" \/>\n<meta property=\"og:type\" content=\"article\" \/>\n<meta property=\"og:title\" content=\"Accede a la \u00e1rea reservada para gestionar tus proyectos\" \/>\n<meta property=\"og:description\" content=\"Si ya eres clientes, podr\u00e1s acceder en la \u00e1rea reservada para gestionar tus proyectos. Por cualquier duda puedes contactar con nosotros\" \/>\n<meta property=\"og:url\" content=\"https:\/\/www.estudicread.com\/es\/area-cliente\/\" \/>\n<meta property=\"og:site_name\" content=\"Estudi Cread\" \/>\n<meta property=\"article:publisher\" content=\"https:\/\/es-es.facebook.com\/EstudiCread\/\" \/>\n<meta property=\"article:modified_time\" content=\"2018-02-26T08:06:17+00:00\" \/>\n<meta name=\"twitter:card\" content=\"summary_large_image\" \/>\n<meta name=\"twitter:label1\" content=\"Tiempo de lectura\" \/>\n\t<meta name=\"twitter:data1\" content=\"1 minuto\" \/>\n<script type=\"application\/ld+json\" class=\"yoast-schema-graph\">{\"@context\":\"https:\/\/schema.org\",\"@graph\":[{\"@type\":\"WebPage\",\"@id\":\"https:\/\/www.estudicread.com\/es\/area-cliente\/\",\"url\":\"https:\/\/www.estudicread.com\/es\/area-cliente\/\",\"name\":\"Accede a la \u00e1rea reservada para gestionar tus proyectos\",\"isPartOf\":{\"@id\":\"https:\/\/www.estudicread.com\/#website\"},\"datePublished\":\"2017-11-16T10:19:04+00:00\",\"dateModified\":\"2018-02-26T08:06:17+00:00\",\"description\":\"Si ya eres clientes, podr\u00e1s acceder en la \u00e1rea reservada para gestionar tus proyectos. Por cualquier duda puedes contactar con nosotros\",\"breadcrumb\":{\"@id\":\"https:\/\/www.estudicread.com\/es\/area-cliente\/#breadcrumb\"},\"inLanguage\":\"es\",\"potentialAction\":[{\"@type\":\"ReadAction\",\"target\":[\"https:\/\/www.estudicread.com\/es\/area-cliente\/\"]}]},{\"@type\":\"BreadcrumbList\",\"@id\":\"https:\/\/www.estudicread.com\/es\/area-cliente\/#breadcrumb\",\"itemListElement\":[{\"@type\":\"ListItem\",\"position\":1,\"name\":\"Home\",\"item\":\"https:\/\/www.estudicread.com\/es\/\"},{\"@type\":\"ListItem\",\"position\":2,\"name\":\"AREA CLIENTE\"}]},{\"@type\":\"WebSite\",\"@id\":\"https:\/\/www.estudicread.com\/#website\",\"url\":\"https:\/\/www.estudicread.com\/\",\"name\":\"Estudi Cread\",\"description\":\"Virtual Photography\",\"publisher\":{\"@id\":\"https:\/\/www.estudicread.com\/#organization\"},\"potentialAction\":[{\"@type\":\"SearchAction\",\"target\":{\"@type\":\"EntryPoint\",\"urlTemplate\":\"https:\/\/www.estudicread.com\/?s={search_term_string}\"},\"query-input\":{\"@type\":\"PropertyValueSpecification\",\"valueRequired\":true,\"valueName\":\"search_term_string\"}}],\"inLanguage\":\"es\"},{\"@type\":\"Organization\",\"@id\":\"https:\/\/www.estudicread.com\/#organization\",\"name\":\"estudi cread\",\"url\":\"https:\/\/www.estudicread.com\/\",\"logo\":{\"@type\":\"ImageObject\",\"inLanguage\":\"es\",\"@id\":\"https:\/\/www.estudicread.com\/#\/schema\/logo\/image\/\",\"url\":\"https:\/\/www.estudicread.com\/wp-content\/uploads\/2014\/09\/logo_light_retina.png\",\"contentUrl\":\"https:\/\/www.estudicread.com\/wp-content\/uploads\/2014\/09\/logo_light_retina.png\",\"width\":405,\"height\":117,\"caption\":\"estudi cread\"},\"image\":{\"@id\":\"https:\/\/www.estudicread.com\/#\/schema\/logo\/image\/\"},\"sameAs\":[\"https:\/\/es-es.facebook.com\/EstudiCread\/\",\"https:\/\/www.instagram.com\/estudicread\/\"]}]}<\/script>\n<!-- \/ Yoast SEO plugin. -->","yoast_head_json":{"title":"Accede a la \u00e1rea reservada para gestionar tus proyectos","description":"Si ya eres clientes, podr\u00e1s acceder en la \u00e1rea reservada para gestionar tus proyectos. Por cualquier duda puedes contactar con nosotros","robots":{"index":"index","follow":"follow","max-snippet":"max-snippet:-1","max-image-preview":"max-image-preview:large","max-video-preview":"max-video-preview:-1"},"canonical":"https:\/\/www.estudicread.com\/es\/area-cliente\/","og_locale":"es_ES","og_type":"article","og_title":"Accede a la \u00e1rea reservada para gestionar tus proyectos","og_description":"Si ya eres clientes, podr\u00e1s acceder en la \u00e1rea reservada para gestionar tus proyectos. Por cualquier duda puedes contactar con nosotros","og_url":"https:\/\/www.estudicread.com\/es\/area-cliente\/","og_site_name":"Estudi Cread","article_publisher":"https:\/\/es-es.facebook.com\/EstudiCread\/","article_modified_time":"2018-02-26T08:06:17+00:00","twitter_card":"summary_large_image","twitter_misc":{"Tiempo de lectura":"1 minuto"},"schema":{"@context":"https:\/\/schema.org","@graph":[{"@type":"WebPage","@id":"https:\/\/www.estudicread.com\/es\/area-cliente\/","url":"https:\/\/www.estudicread.com\/es\/area-cliente\/","name":"Accede a la \u00e1rea reservada para gestionar tus proyectos","isPartOf":{"@id":"https:\/\/www.estudicread.com\/#website"},"datePublished":"2017-11-16T10:19:04+00:00","dateModified":"2018-02-26T08:06:17+00:00","description":"Si ya eres clientes, podr\u00e1s acceder en la \u00e1rea reservada para gestionar tus proyectos. Por cualquier duda puedes contactar con nosotros","breadcrumb":{"@id":"https:\/\/www.estudicread.com\/es\/area-cliente\/#breadcrumb"},"inLanguage":"es","potentialAction":[{"@type":"ReadAction","target":["https:\/\/www.estudicread.com\/es\/area-cliente\/"]}]},{"@type":"BreadcrumbList","@id":"https:\/\/www.estudicread.com\/es\/area-cliente\/#breadcrumb","itemListElement":[{"@type":"ListItem","position":1,"name":"Home","item":"https:\/\/www.estudicread.com\/es\/"},{"@type":"ListItem","position":2,"name":"AREA CLIENTE"}]},{"@type":"WebSite","@id":"https:\/\/www.estudicread.com\/#website","url":"https:\/\/www.estudicread.com\/","name":"Estudi Cread","description":"Virtual Photography","publisher":{"@id":"https:\/\/www.estudicread.com\/#organization"},"potentialAction":[{"@type":"SearchAction","target":{"@type":"EntryPoint","urlTemplate":"https:\/\/www.estudicread.com\/?s={search_term_string}"},"query-input":{"@type":"PropertyValueSpecification","valueRequired":true,"valueName":"search_term_string"}}],"inLanguage":"es"},{"@type":"Organization","@id":"https:\/\/www.estudicread.com\/#organization","name":"estudi cread","url":"https:\/\/www.estudicread.com\/","logo":{"@type":"ImageObject","inLanguage":"es","@id":"https:\/\/www.estudicread.com\/#\/schema\/logo\/image\/","url":"https:\/\/www.estudicread.com\/wp-content\/uploads\/2014\/09\/logo_light_retina.png","contentUrl":"https:\/\/www.estudicread.com\/wp-content\/uploads\/2014\/09\/logo_light_retina.png","width":405,"height":117,"caption":"estudi cread"},"image":{"@id":"https:\/\/www.estudicread.com\/#\/schema\/logo\/image\/"},"sameAs":["https:\/\/es-es.facebook.com\/EstudiCread\/","https:\/\/www.instagram.com\/estudicread\/"]}]}},"_links":{"self":[{"href":"https:\/\/www.estudicread.com\/es\/wp-json\/wp\/v2\/pages\/9314","targetHints":{"allow":["GET"]}}],"collection":[{"href":"https:\/\/www.estudicread.com\/es\/wp-json\/wp\/v2\/pages"}],"about":[{"href":"https:\/\/www.estudicread.com\/es\/wp-json\/wp\/v2\/types\/page"}],"author":[{"embeddable":true,"href":"https:\/\/www.estudicread.com\/es\/wp-json\/wp\/v2\/users\/1"}],"replies":[{"embeddable":true,"href":"https:\/\/www.estudicread.com\/es\/wp-json\/wp\/v2\/comments?post=9314"}],"version-history":[{"count":11,"href":"https:\/\/www.estudicread.com\/es\/wp-json\/wp\/v2\/pages\/9314\/revisions"}],"predecessor-version":[{"id":11116,"href":"https:\/\/www.estudicread.com\/es\/wp-json\/wp\/v2\/pages\/9314\/revisions\/11116"}],"wp:attachment":[{"href":"https:\/\/www.estudicread.com\/es\/wp-json\/wp\/v2\/media?parent=9314"}],"curies":[{"name":"wp","href":"https:\/\/api.w.org\/{rel}","templated":true}]}}