{"id":2335,"date":"2014-09-29T11:36:25","date_gmt":"2014-09-29T11:36:25","guid":{"rendered":"http:\/\/www.estudicread.com\/contacte-2\/"},"modified":"2021-03-25T11:52:44","modified_gmt":"2021-03-25T11:52:44","slug":"contacte","status":"publish","type":"page","link":"https:\/\/www.estudicread.com\/es\/contacte\/","title":{"rendered":"CONTACTO"},"content":{"rendered":"[vc_row type=\u00bbfull_width_content\u00bb full_screen_row_position=\u00bbmiddle\u00bb column_margin=\u00bbdefault\u00bb column_direction=\u00bbdefault\u00bb column_direction_tablet=\u00bbdefault\u00bb column_direction_phone=\u00bbdefault\u00bb scene_position=\u00bbcenter\u00bb text_color=\u00bbdark\u00bb text_align=\u00bbleft\u00bb row_border_radius=\u00bbnone\u00bb row_border_radius_applies=\u00bbbg\u00bb overlay_strength=\u00bb0.3&#8243; gradient_direction=\u00bbleft_to_right\u00bb shape_divider_position=\u00bbbottom\u00bb bg_image_animation=\u00bbnone\u00bb][vc_column column_padding=\u00bbpadding-5-percent\u00bb column_padding_tablet=\u00bbinherit\u00bb column_padding_phone=\u00bbinherit\u00bb column_padding_position=\u00bball\u00bb background_color_opacity=\u00bb1&#8243; background_hover_color_opacity=\u00bb1&#8243; column_shadow=\u00bbnone\u00bb column_border_radius=\u00bbnone\u00bb column_link_target=\u00bb_self\u00bb gradient_direction=\u00bbleft_to_right\u00bb overlay_strength=\u00bb0.3&#8243; width=\u00bb1\/2&#8243; tablet_width_inherit=\u00bbdefault\u00bb tablet_text_alignment=\u00bbdefault\u00bb phone_text_alignment=\u00bbdefault\u00bb column_border_width=\u00bbnone\u00bb column_border_style=\u00bbsolid\u00bb bg_image_animation=\u00bbnone\u00bb][nectar_gmap map_type=\u00bbgoogle\u00bb zoom=\u00bb16&#8243; enable_zoom=\u00bb1&#8243; marker_style=\u00bbdefault\u00bb nectar_marker_color=\u00bbaccent-color\u00bb marker_image=\u00bb699&#8243; marker_animation=\u00bb1&#8243; map_greyscale=\u00bb1&#8243; size=\u00bb600&#8243; map_center_lat=\u00bb41.98360136767726&#8243; map_center_lng=\u00bb2.823867217790962&#8243; map_markers=\u00bb41.98360136767726|2.823867217790962|WE ARE HERE!\u00bb][divider line_type=\u00bbNo Line\u00bb][\/vc_column][vc_column column_padding=\u00bbpadding-5-percent\u00bb column_padding_tablet=\u00bbinherit\u00bb column_padding_phone=\u00bbinherit\u00bb column_padding_position=\u00bball\u00bb background_color_opacity=\u00bb1&#8243; background_hover_color_opacity=\u00bb1&#8243; column_shadow=\u00bbnone\u00bb column_border_radius=\u00bbnone\u00bb column_link_target=\u00bb_self\u00bb gradient_direction=\u00bbleft_to_right\u00bb overlay_strength=\u00bb0.3&#8243; width=\u00bb1\/2&#8243; tablet_width_inherit=\u00bbdefault\u00bb tablet_text_alignment=\u00bbdefault\u00bb phone_text_alignment=\u00bbdefault\u00bb column_border_width=\u00bbnone\u00bb column_border_style=\u00bbsolid\u00bb bg_image_animation=\u00bbnone\u00bb][vc_column_text]Rambla de la llibertat \u00a05, 2n-2a<br \/>\n17004 | Girona<br \/>\n+034 972 218 810<br \/>\ninfo@estudicread.com[\/vc_column_text][divider line_type=\u00bbNo Line\u00bb custom_height=\u00bb20&#8243;]\n<div class=\"wpcf7 no-js\" id=\"wpcf7-f915-o1\" lang=\"en-US\" dir=\"ltr\" data-wpcf7-id=\"915\">\n<div class=\"screen-reader-response\"><p role=\"status\" aria-live=\"polite\" aria-atomic=\"true\"><\/p> <ul><\/ul><\/div>\n<form action=\"\/es\/wp-json\/wp\/v2\/pages\/2335#wpcf7-f915-o1\" method=\"post\" class=\"wpcf7-form init\" aria-label=\"Contact form\" novalidate=\"novalidate\" data-status=\"init\">\n<fieldset class=\"hidden-fields-container\"><input type=\"hidden\" name=\"_wpcf7\" value=\"915\" \/><input type=\"hidden\" name=\"_wpcf7_version\" value=\"6.1.2\" \/><input type=\"hidden\" name=\"_wpcf7_locale\" value=\"en_US\" \/><input type=\"hidden\" name=\"_wpcf7_unit_tag\" value=\"wpcf7-f915-o1\" \/><input type=\"hidden\" name=\"_wpcf7_container_post\" value=\"0\" \/><input type=\"hidden\" name=\"_wpcf7_posted_data_hash\" value=\"\" \/><input type=\"hidden\" name=\"_wpcf7_recaptcha_response\" value=\"\" \/>\n<\/fieldset>\n<div class=\"col span_4\">\n\t<p>Nombre <span>*<\/span>\n\t<\/p>\n\t<p><span class=\"wpcf7-form-control-wrap\" data-name=\"Nom\"><input size=\"40\" maxlength=\"400\" class=\"wpcf7-form-control wpcf7-text wpcf7-validates-as-required\" aria-required=\"true\" aria-invalid=\"false\" value=\"\" type=\"text\" name=\"Nom\" \/><\/span>\n\t<\/p>\n<\/div>\n<div class=\"col span_4\">\n\t<p>Email <span>*<\/span>\n\t<\/p>\n\t<p><span class=\"wpcf7-form-control-wrap\" data-name=\"Email\"><input size=\"40\" maxlength=\"400\" class=\"wpcf7-form-control wpcf7-email wpcf7-validates-as-required wpcf7-text wpcf7-validates-as-email\" aria-required=\"true\" aria-invalid=\"false\" value=\"\" type=\"email\" name=\"Email\" \/><\/span>\n\t<\/p>\n<\/div>\n<div class=\"col span_4 col_last\">\n\t<p>Tema\n\t<\/p>\n\t<p><span class=\"wpcf7-form-control-wrap\" data-name=\"your-subject\"><input size=\"40\" maxlength=\"400\" class=\"wpcf7-form-control wpcf7-text\" aria-invalid=\"false\" value=\"\" type=\"text\" name=\"your-subject\" \/><\/span>\n\t<\/p>\n<\/div>\n<p>Mensage\n<\/p>\n<p><span class=\"wpcf7-form-control-wrap\" data-name=\"your-message\"><textarea cols=\"40\" rows=\"10\" maxlength=\"2000\" class=\"wpcf7-form-control wpcf7-textarea\" aria-invalid=\"false\" name=\"your-message\"><\/textarea><\/span>\n<\/p>\n<div class=\"col span_4 col_last\">\n<\/div>\n<p>Al enviar este mensaje aceptas nuestra<a href=\"https:\/\/www.estudicread.com\/politica-de-privacidad-de-datos\/\"> Pol\u00edtica de Privacidad*<\/a>\n<\/p>\n<div class=\"col span_4 col_last\">\n\t<p><input class=\"wpcf7-form-control wpcf7-submit has-spinner\" type=\"submit\" value=\"Enviar\" \/>\n\t<\/p>\n\t<p>*This site is protected by reCAPTCHA and the Google Privacy Policy and Terms of Service apply\n\t<\/p>\n<\/div><div class=\"wpcf7-response-output\" aria-hidden=\"true\"><\/div>\n<\/form>\n<\/div>\n[\/vc_column][\/vc_row]\n","protected":false},"excerpt":{"rendered":"<p>[vc_row type=\u00bbfull_width_content\u00bb full_screen_row_position=\u00bbmiddle\u00bb column_margin=\u00bbdefault\u00bb column_direction=\u00bbdefault\u00bb column_direction_tablet=\u00bbdefault\u00bb column_direction_phone=\u00bbdefault\u00bb scene_position=\u00bbcenter\u00bb text_color=\u00bbdark\u00bb text_align=\u00bbleft\u00bb row_border_radius=\u00bbnone\u00bb row_border_radius_applies=\u00bbbg\u00bb overlay_strength=\u00bb0.3&#8243; gradient_direction=\u00bbleft_to_right\u00bb shape_divider_position=\u00bbbottom\u00bb bg_image_animation=\u00bbnone\u00bb][vc_column column_padding=\u00bbpadding-5-percent\u00bb column_padding_tablet=\u00bbinherit\u00bb column_padding_phone=\u00bbinherit\u00bb column_padding_position=\u00bball\u00bb background_color_opacity=\u00bb1&#8243; background_hover_color_opacity=\u00bb1&#8243; column_shadow=\u00bbnone\u00bb column_border_radius=\u00bbnone\u00bb column_link_target=\u00bb_self\u00bb gradient_direction=\u00bbleft_to_right\u00bb overlay_strength=\u00bb0.3&#8243; width=\u00bb1\/2&#8243; tablet_width_inherit=\u00bbdefault\u00bb tablet_text_alignment=\u00bbdefault\u00bb&#8230;<\/p>\n","protected":false},"author":1,"featured_media":0,"parent":0,"menu_order":0,"comment_status":"open","ping_status":"closed","template":"","meta":{"footnotes":""},"class_list":["post-2335","page","type-page","status-publish"],"yoast_head":"<!-- This site is optimized with the Yoast SEO plugin v26.1.1 - https:\/\/yoast.com\/wordpress\/plugins\/seo\/ -->\n<title>Estudi Cread se encuentro en el coraz\u00f3n de la ciudad de Girona<\/title>\n<meta name=\"description\" content=\"Estudi Cread se encuentra en pleno coraz\u00f3n de la ciudad de Girona, fuentes de inspiraci\u00f3n de nuestro equipo de trabajo formado por dise\u00f1adores, arquitectos,\" \/>\n<meta name=\"robots\" content=\"index, follow, max-snippet:-1, max-image-preview:large, max-video-preview:-1\" \/>\n<link rel=\"canonical\" href=\"https:\/\/www.estudicread.com\/es\/contacte\/\" \/>\n<meta property=\"og:locale\" content=\"es_ES\" \/>\n<meta property=\"og:type\" content=\"article\" \/>\n<meta property=\"og:title\" content=\"Estudi Cread se encuentro en el coraz\u00f3n de la ciudad de Girona\" \/>\n<meta property=\"og:description\" content=\"Estudi Cread se encuentra en pleno coraz\u00f3n de la ciudad de Girona, fuentes de inspiraci\u00f3n de nuestro equipo de trabajo formado por dise\u00f1adores, arquitectos,\" \/>\n<meta property=\"og:url\" content=\"https:\/\/www.estudicread.com\/es\/contacte\/\" \/>\n<meta property=\"og:site_name\" content=\"Estudi Cread\" \/>\n<meta property=\"article:publisher\" content=\"https:\/\/es-es.facebook.com\/EstudiCread\/\" \/>\n<meta property=\"article:modified_time\" content=\"2021-03-25T11:52:44+00:00\" \/>\n<meta name=\"twitter:card\" content=\"summary_large_image\" \/>\n<meta name=\"twitter:label1\" content=\"Tiempo de lectura\" \/>\n\t<meta name=\"twitter:data1\" content=\"1 minuto\" \/>\n<script type=\"application\/ld+json\" class=\"yoast-schema-graph\">{\"@context\":\"https:\/\/schema.org\",\"@graph\":[{\"@type\":\"WebPage\",\"@id\":\"https:\/\/www.estudicread.com\/es\/contacte\/\",\"url\":\"https:\/\/www.estudicread.com\/es\/contacte\/\",\"name\":\"Estudi Cread se encuentro en el coraz\u00f3n de la ciudad de Girona\",\"isPartOf\":{\"@id\":\"https:\/\/www.estudicread.com\/#website\"},\"datePublished\":\"2014-09-29T11:36:25+00:00\",\"dateModified\":\"2021-03-25T11:52:44+00:00\",\"description\":\"Estudi Cread se encuentra en pleno coraz\u00f3n de la ciudad de Girona, fuentes de inspiraci\u00f3n de nuestro equipo de trabajo formado por dise\u00f1adores, arquitectos,\",\"breadcrumb\":{\"@id\":\"https:\/\/www.estudicread.com\/es\/contacte\/#breadcrumb\"},\"inLanguage\":\"es\",\"potentialAction\":[{\"@type\":\"ReadAction\",\"target\":[\"https:\/\/www.estudicread.com\/es\/contacte\/\"]}]},{\"@type\":\"BreadcrumbList\",\"@id\":\"https:\/\/www.estudicread.com\/es\/contacte\/#breadcrumb\",\"itemListElement\":[{\"@type\":\"ListItem\",\"position\":1,\"name\":\"Home\",\"item\":\"https:\/\/www.estudicread.com\/es\/\"},{\"@type\":\"ListItem\",\"position\":2,\"name\":\"CONTACTO\"}]},{\"@type\":\"WebSite\",\"@id\":\"https:\/\/www.estudicread.com\/#website\",\"url\":\"https:\/\/www.estudicread.com\/\",\"name\":\"Estudi Cread\",\"description\":\"Virtual Photography\",\"publisher\":{\"@id\":\"https:\/\/www.estudicread.com\/#organization\"},\"potentialAction\":[{\"@type\":\"SearchAction\",\"target\":{\"@type\":\"EntryPoint\",\"urlTemplate\":\"https:\/\/www.estudicread.com\/?s={search_term_string}\"},\"query-input\":{\"@type\":\"PropertyValueSpecification\",\"valueRequired\":true,\"valueName\":\"search_term_string\"}}],\"inLanguage\":\"es\"},{\"@type\":\"Organization\",\"@id\":\"https:\/\/www.estudicread.com\/#organization\",\"name\":\"estudi cread\",\"url\":\"https:\/\/www.estudicread.com\/\",\"logo\":{\"@type\":\"ImageObject\",\"inLanguage\":\"es\",\"@id\":\"https:\/\/www.estudicread.com\/#\/schema\/logo\/image\/\",\"url\":\"https:\/\/www.estudicread.com\/wp-content\/uploads\/2014\/09\/logo_light_retina.png\",\"contentUrl\":\"https:\/\/www.estudicread.com\/wp-content\/uploads\/2014\/09\/logo_light_retina.png\",\"width\":405,\"height\":117,\"caption\":\"estudi cread\"},\"image\":{\"@id\":\"https:\/\/www.estudicread.com\/#\/schema\/logo\/image\/\"},\"sameAs\":[\"https:\/\/es-es.facebook.com\/EstudiCread\/\",\"https:\/\/www.instagram.com\/estudicread\/\"]}]}<\/script>\n<!-- \/ Yoast SEO plugin. -->","yoast_head_json":{"title":"Estudi Cread se encuentro en el coraz\u00f3n de la ciudad de Girona","description":"Estudi Cread se encuentra en pleno coraz\u00f3n de la ciudad de Girona, fuentes de inspiraci\u00f3n de nuestro equipo de trabajo formado por dise\u00f1adores, arquitectos,","robots":{"index":"index","follow":"follow","max-snippet":"max-snippet:-1","max-image-preview":"max-image-preview:large","max-video-preview":"max-video-preview:-1"},"canonical":"https:\/\/www.estudicread.com\/es\/contacte\/","og_locale":"es_ES","og_type":"article","og_title":"Estudi Cread se encuentro en el coraz\u00f3n de la ciudad de Girona","og_description":"Estudi Cread se encuentra en pleno coraz\u00f3n de la ciudad de Girona, fuentes de inspiraci\u00f3n de nuestro equipo de trabajo formado por dise\u00f1adores, arquitectos,","og_url":"https:\/\/www.estudicread.com\/es\/contacte\/","og_site_name":"Estudi Cread","article_publisher":"https:\/\/es-es.facebook.com\/EstudiCread\/","article_modified_time":"2021-03-25T11:52:44+00:00","twitter_card":"summary_large_image","twitter_misc":{"Tiempo de lectura":"1 minuto"},"schema":{"@context":"https:\/\/schema.org","@graph":[{"@type":"WebPage","@id":"https:\/\/www.estudicread.com\/es\/contacte\/","url":"https:\/\/www.estudicread.com\/es\/contacte\/","name":"Estudi Cread se encuentro en el coraz\u00f3n de la ciudad de Girona","isPartOf":{"@id":"https:\/\/www.estudicread.com\/#website"},"datePublished":"2014-09-29T11:36:25+00:00","dateModified":"2021-03-25T11:52:44+00:00","description":"Estudi Cread se encuentra en pleno coraz\u00f3n de la ciudad de Girona, fuentes de inspiraci\u00f3n de nuestro equipo de trabajo formado por dise\u00f1adores, arquitectos,","breadcrumb":{"@id":"https:\/\/www.estudicread.com\/es\/contacte\/#breadcrumb"},"inLanguage":"es","potentialAction":[{"@type":"ReadAction","target":["https:\/\/www.estudicread.com\/es\/contacte\/"]}]},{"@type":"BreadcrumbList","@id":"https:\/\/www.estudicread.com\/es\/contacte\/#breadcrumb","itemListElement":[{"@type":"ListItem","position":1,"name":"Home","item":"https:\/\/www.estudicread.com\/es\/"},{"@type":"ListItem","position":2,"name":"CONTACTO"}]},{"@type":"WebSite","@id":"https:\/\/www.estudicread.com\/#website","url":"https:\/\/www.estudicread.com\/","name":"Estudi Cread","description":"Virtual Photography","publisher":{"@id":"https:\/\/www.estudicread.com\/#organization"},"potentialAction":[{"@type":"SearchAction","target":{"@type":"EntryPoint","urlTemplate":"https:\/\/www.estudicread.com\/?s={search_term_string}"},"query-input":{"@type":"PropertyValueSpecification","valueRequired":true,"valueName":"search_term_string"}}],"inLanguage":"es"},{"@type":"Organization","@id":"https:\/\/www.estudicread.com\/#organization","name":"estudi cread","url":"https:\/\/www.estudicread.com\/","logo":{"@type":"ImageObject","inLanguage":"es","@id":"https:\/\/www.estudicread.com\/#\/schema\/logo\/image\/","url":"https:\/\/www.estudicread.com\/wp-content\/uploads\/2014\/09\/logo_light_retina.png","contentUrl":"https:\/\/www.estudicread.com\/wp-content\/uploads\/2014\/09\/logo_light_retina.png","width":405,"height":117,"caption":"estudi cread"},"image":{"@id":"https:\/\/www.estudicread.com\/#\/schema\/logo\/image\/"},"sameAs":["https:\/\/es-es.facebook.com\/EstudiCread\/","https:\/\/www.instagram.com\/estudicread\/"]}]}},"_links":{"self":[{"href":"https:\/\/www.estudicread.com\/es\/wp-json\/wp\/v2\/pages\/2335","targetHints":{"allow":["GET"]}}],"collection":[{"href":"https:\/\/www.estudicread.com\/es\/wp-json\/wp\/v2\/pages"}],"about":[{"href":"https:\/\/www.estudicread.com\/es\/wp-json\/wp\/v2\/types\/page"}],"author":[{"embeddable":true,"href":"https:\/\/www.estudicread.com\/es\/wp-json\/wp\/v2\/users\/1"}],"replies":[{"embeddable":true,"href":"https:\/\/www.estudicread.com\/es\/wp-json\/wp\/v2\/comments?post=2335"}],"version-history":[{"count":10,"href":"https:\/\/www.estudicread.com\/es\/wp-json\/wp\/v2\/pages\/2335\/revisions"}],"predecessor-version":[{"id":12442,"href":"https:\/\/www.estudicread.com\/es\/wp-json\/wp\/v2\/pages\/2335\/revisions\/12442"}],"wp:attachment":[{"href":"https:\/\/www.estudicread.com\/es\/wp-json\/wp\/v2\/media?parent=2335"}],"curies":[{"name":"wp","href":"https:\/\/api.w.org\/{rel}","templated":true}]}}